{"id":1853,"date":"2021-01-31T11:07:31","date_gmt":"2021-01-31T03:07:31","guid":{"rendered":"https:\/\/michmylnails.jp\/dev\/?page_id=1853"},"modified":"2025-06-04T00:01:59","modified_gmt":"2025-06-03T16:01:59","slug":"cookie","status":"publish","type":"page","link":"https:\/\/michmylnails.jp\/es\/cookie\/","title":{"rendered":"Cookie"},"content":{"rendered":"<p>Cookies que utiliza Mich &amp; Myl Nails<\/p>\n<p>\u00bfQu\u00e9 son las cookies?<\/p>\n<p>Una cookie es un peque\u00f1o archivo de texto que contiene una cadena de caracteres y que se almacena en su ordenador o dispositivo m\u00f3vil para identificar de forma \u00fanica su navegador o dispositivo. Podemos utilizar tecnolog\u00edas como cookies, p\u00edxeles y almacenamiento local para ofrecer, proteger y comprender nuestros productos, servicios y anuncios.<\/p>\n<p>\u00bfPara qu\u00e9 se utilizan las cookies?<\/p>\n<p>Las cookies y otras tecnolog\u00edas permiten que un sitio web o servicio sepa si su ordenador o dispositivo nos ha visitado anteriormente. Estas tecnolog\u00edas pueden utilizarse para ofrecerle productos, servicios y anuncios, comprender c\u00f3mo utiliza el sitio web o servicio, permitirle navegar entre p\u00e1ginas de forma eficiente, recordar sus preferencias y, en general, mejorar su experiencia al utilizar nuestro servicio. Las cookies tambi\u00e9n ayudan a garantizar que el marketing que ve en l\u00ednea sea m\u00e1s relevante para usted y sus intereses. En la mayor\u00eda de los casos, no existen opciones est\u00e1ndar en la industria para deshabilitar las cookies sin deshabilitar por completo las funciones que a\u00f1aden a este sitio. Se recomienda dejar activadas todas las cookies si no est\u00e1 seguro de si son necesarias en caso de que se utilicen para prestar un servicio que utiliza.<\/p>\n<p>\u00bfPor qu\u00e9 Mich &amp; Myl Nails utiliza cookies y tecnolog\u00edas similares?<\/p>\n<p>Utilizamos cookies, p\u00edxeles, almacenamiento local y tecnolog\u00edas similares para mostrarte contenido relevante, mejorar tu experiencia y proteger a Mich &amp; Myl Nails y a nuestros usuarios. Utilizamos estas tecnolog\u00edas para prestar nuestros Servicios, facilitar su uso, permitirte navegar por ellos y utilizar nuestras funciones, como el acceso a \u00e1reas seguras, y almacenar informaci\u00f3n para que Mich &amp; Myl Nails pueda responderte con mayor rapidez. Podemos utilizar estas tecnolog\u00edas para recopilar informaci\u00f3n sobre c\u00f3mo utilizas nuestros Servicios, por ejemplo, qu\u00e9 p\u00e1ginas visitas con m\u00e1s frecuencia y si recibes mensajes de error en determinadas p\u00e1ginas. Podemos utilizar estas tecnolog\u00edas para recordar tus preferencias (como tu nombre de usuario, idioma o regi\u00f3n) y adaptar nuestros Servicios para ofrecerte una funcionalidad y un contenido mejorados. Estas cookies tambi\u00e9n se pueden utilizar para recordar los cambios que realizas en el tama\u00f1o del texto, las fuentes y otras partes de las p\u00e1ginas que puedes personalizar. Mich &amp; Myl Nails o nuestros socios publicitarios pueden utilizar estas tecnolog\u00edas para mostrarte anuncios relevantes para tus intereses. Estas tecnolog\u00edas pueden recordar que un dispositivo ha visitado un sitio o servicio. Tambi\u00e9n pueden rastrear la actividad de navegaci\u00f3n de su dispositivo en otros sitios o servicios externos a Mich &amp; Myl Nails. Esta informaci\u00f3n puede compartirse con organizaciones externas a Mich &amp; Myl Nails, como anunciantes y redes publicitarias, para mostrar anuncios y medir la efectividad de sus campa\u00f1as publicitarias. Podemos utilizar estas tecnolog\u00edas para comprender, mejorar e investigar nuestros productos y servicios.<\/p>\n<p>Desactivar cookies<\/p>\n<p>Puede evitar que se instalen cookies configurando su navegador (consulte la Ayuda de su navegador para saber c\u00f3mo hacerlo). Tenga en cuenta que desactivar las cookies afectar\u00e1 la funcionalidad de este y muchos otros sitios web que visite. Desactivar las cookies generalmente tambi\u00e9n desactivar\u00e1 ciertas funciones del sitio de Mich &amp; Myl Nails. Por lo tanto, le recomendamos que no las desactive.<\/p>\n<p>\u00bfCu\u00e1nto tiempo permanecen las cookies en mi dispositivo?<\/p>\n<p>El tiempo que una cookie permanece en su computadora o dispositivo m\u00f3vil depende de si es persistente o de sesi\u00f3n. Las cookies de sesi\u00f3n solo permanecer\u00e1n en su dispositivo hasta que deje de navegar. Las cookies persistentes permanecer\u00e1n en su ordenador o dispositivo m\u00f3vil hasta que caduquen o las elimine.<\/p>\n<p>Cookies propias y de terceros<\/p>\n<p>Las cookies propias son cookies que pertenecen a Mich &amp; Myl Nails, mientras que las cookies de terceros son cookies que otros terceros instalan en su dispositivo a trav\u00e9s de nuestros Servicios. Las cookies de terceros pueden ser instaladas en su dispositivo por personas que prestan servicios a Mich &amp; Myl Nails, por ejemplo, para comprender c\u00f3mo se utilizan nuestros Servicios. Las cookies de terceros pueden ser instaladas en su dispositivo por socios comerciales que pueden utilizarlas para anunciar sus productos y servicios en otras partes de internet.<\/p>\n<p>C\u00f3mo controlar las cookies u otros mecanismos de recopilaci\u00f3n<\/p>\n<p>Para cambiar la configuraci\u00f3n de cookies, siga las instrucciones en su sitio web o navegador m\u00f3vil (normalmente se encuentran en las funciones &#8220;Ayuda&#8221;, &#8220;Herramientas&#8221; o &#8220;Editar&#8221;). Tenga en cuenta que si configura su navegador para desactivar las cookies u otras tecnolog\u00edas, no podr\u00e1 acceder a ciertas partes de nuestros Servicios y es posible que otras no funcionen correctamente.<\/p>\n<p>M\u00e1s informaci\u00f3n<\/p>\n<p>Esperamos que esto le haya aclarado las cosas. Como ya se mencion\u00f3, si hay algo que no est\u00e1 seguro de si necesita, normalmente es seguro dejar las cookies activadas si interact\u00faan con alguna de las funciones que utiliza en nuestro sitio. Si a\u00fan necesita m\u00e1s informaci\u00f3n, cont\u00e1ctenos en info@michmylnails.net.<\/p>\n<p>\u00daltima actualizaci\u00f3n: 3 de Junio del 2025<\/p>\n","protected":false},"excerpt":{"rendered":"<p>Cookies que utiliza Mich &amp; Myl Nails \u00bfQu\u00e9 son las cookies? Una cookie es un peque\u00f1o archivo de texto que contiene una cadena de caracteres y que se almacena en su ordenador o dispositivo m\u00f3vil para identificar de forma \u00fanica su navegador o dispositivo. Podemos utilizar tecnolog\u00edas como cookies, p\u00edxeles y almacenamiento local para ofrecer, &hellip; <a href=\"https:\/\/michmylnails.jp\/es\/cookie\/\">Continued<\/a><\/p>\n","protected":false},"author":1,"featured_media":0,"parent":0,"menu_order":0,"comment_status":"closed","ping_status":"closed","template":"views\/template-withsidebar.blade.php","meta":{"_acf_changed":false,"_monsterinsights_skip_tracking":false,"_monsterinsights_sitenote_active":false,"_monsterinsights_sitenote_note":"","_monsterinsights_sitenote_category":0,"footnotes":""},"class_list":["post-1853","page","type-page","status-publish","hentry"],"acf":[],"aioseo_notices":[],"_links":{"self":[{"href":"https:\/\/michmylnails.jp\/es\/wp-json\/wp\/v2\/pages\/1853","targetHints":{"allow":["GET"]}}],"collection":[{"href":"https:\/\/michmylnails.jp\/es\/wp-json\/wp\/v2\/pages"}],"about":[{"href":"https:\/\/michmylnails.jp\/es\/wp-json\/wp\/v2\/types\/page"}],"author":[{"embeddable":true,"href":"https:\/\/michmylnails.jp\/es\/wp-json\/wp\/v2\/users\/1"}],"replies":[{"embeddable":true,"href":"https:\/\/michmylnails.jp\/es\/wp-json\/wp\/v2\/comments?post=1853"}],"version-history":[{"count":4,"href":"https:\/\/michmylnails.jp\/es\/wp-json\/wp\/v2\/pages\/1853\/revisions"}],"predecessor-version":[{"id":3428,"href":"https:\/\/michmylnails.jp\/es\/wp-json\/wp\/v2\/pages\/1853\/revisions\/3428"}],"wp:attachment":[{"href":"https:\/\/michmylnails.jp\/es\/wp-json\/wp\/v2\/media?parent=1853"}],"curies":[{"name":"wp","href":"https:\/\/api.w.org\/{rel}","templated":true}]}}