{"id":271,"date":"2019-12-02T00:11:50","date_gmt":"2019-12-01T16:11:50","guid":{"rendered":"https:\/\/michmylnails.jp\/dev\/v2-sage\/?page_id=271"},"modified":"2024-04-19T13:13:56","modified_gmt":"2024-04-19T05:13:56","slug":"franquicias","status":"publish","type":"page","link":"https:\/\/michmylnails.jp\/es\/franquicias\/","title":{"rendered":"Franquicias"},"content":{"rendered":"<p>Mich &amp; Myl Nails le presenta un modelo de negocio adaptado a sus necesidades como\u00a0inversionista y le invita a sumergirse en un universo lleno de belleza a trav\u00e9s del sistema\u00a0de la Franquicia Mich &amp; Myl Nails.<\/p>\n<p><img loading=\"lazy\" decoding=\"async\" class=\"alignnone size-medium wp-image-3129 aligncenter\" src=\"https:\/\/michmylnails.jp\/es\/wp-content\/uploads\/2022\/01\/Mich-Myl-Nails-Philippines-Franchise-300x171.png\" alt=\"Mich &amp; Myl Nails\" width=\"562\" height=\"320\" srcset=\"https:\/\/michmylnails.jp\/es\/wp-content\/uploads\/2022\/01\/Mich-Myl-Nails-Philippines-Franchise-300x171.png 300w, https:\/\/michmylnails.jp\/es\/wp-content\/uploads\/2022\/01\/Mich-Myl-Nails-Philippines-Franchise-170x97.png 170w, https:\/\/michmylnails.jp\/es\/wp-content\/uploads\/2022\/01\/Mich-Myl-Nails-Philippines-Franchise-116x66.png 116w, https:\/\/michmylnails.jp\/es\/wp-content\/uploads\/2022\/01\/Mich-Myl-Nails-Philippines-Franchise-119x68.png 119w, https:\/\/michmylnails.jp\/es\/wp-content\/uploads\/2022\/01\/Mich-Myl-Nails-Philippines-Franchise.png 562w\" sizes=\"auto, (max-width: 562px) 100vw, 562px\" \/><\/p>\n<p class=\"p1\">Mich &amp; Myl Nails, el Spa de Filipinas de m\u00e1s r\u00e1pido crecimiento, ofrece un enfoque \u00fanico\u00a0en las necesidades de sus clientes, innovando en nuevos tratamientos y t\u00e9cnicas,\u00a0contratando profesionales y utilizando equipos de \u00faltima generaci\u00f3n.<\/p>\n<p class=\"p1\"><b>Las Principales Ventajas Diferenciales son:<\/b><\/p>\n<p class=\"p1\">Fortalezas de marca<\/p>\n<p class=\"p1\">Implementaci\u00f3n de nuevas tecnolog\u00edas<\/p>\n<p class=\"p1\">Implementaci\u00f3n de sistemas de gesti\u00f3n y control<\/p>\n<p class=\"p1\">Alta tasa de ganancia<\/p>\n<p class=\"p1\">\u00a1Es dif\u00edcil encontrar un concepto de franquicia que le genere \u00e9xito, oportunidad y diversi\u00f3n;\u00a0todo en un solo paquete!<\/p>\n<p class=\"p1\">Mich &amp; Myl Nails ha estado haciendo exactamente eso desde Febrero del a\u00f1o 2011. En\u00a0tan poco tiempo, hemos logrado convertirnos en uno de los spas de u\u00f1as m\u00e1s populares\u00a0de Filipinas, Metro Manila. Gran parte de este \u00e9xito se debe a la pasi\u00f3n, capacitaciones\u00a0intensivas y a nuestro perseverante enfoque. Tambi\u00e9n es un enfoque pr\u00e1ctico que nos\u00a0convierte en los \u201cN\u00famero Uno\u201d dentro de los corazones de nuestros clientes y empleados.<\/p>\n<p class=\"p1\"><b>INFORMACI\u00d3N DE LA FRANQUICIA<\/b><\/p>\n<p class=\"p1\">Incluye:<\/p>\n<p class=\"p1\">\u2022 El uso del nombre y de propiedad patentada de Marcas<\/p>\n<p class=\"p1\">\u2022 Sitio Ocular Visita y Aprobaci\u00f3n<\/p>\n<p class=\"p1\">\u2022 La contrataci\u00f3n de Asistencia y Capacitaci\u00f3n para recepcionistas, t\u00e9cnicos y artistas de\u00a0u\u00f1as, as\u00ed como tambi\u00e9n terapeutas de Masaje.<\/p>\n<p class=\"p1\">\u2022 Orientaci\u00f3n de negocios para el Franquiciado<\/p>\n<p class=\"p1\">\u2022 Asistencia para la Pre-apertura<\/p>\n<p class=\"p1\">\u2022 Manual de Operaciones<\/p>\n<p class=\"p1\">\u2022 Investigaci\u00f3n y desarrollo<\/p>\n<p class=\"p1\">\u2022 Formaci\u00f3n Continua de las \u00faltimas tendencias en servicios para el sal\u00f3n (Norma\u00a0Internacional)<\/p>\n<p class=\"p1\">\u2022 Mercadotecnia y Soporte Promocional<\/p>\n<p class=\"p1\"><b>C\u00d3MO Franquiciar<\/b><\/p>\n<p class=\"p1\">Paso 1: Presentaci\u00f3n de carta de intenci\u00f3n, junto con su hoja de vida con una foto reciente tama\u00f1o 2&#215;2 cent\u00edmetros y enviarlo a: franchise@michmylnails.net<\/p>\n<p class=\"p1\">Mylene C. Flores<\/p>\n<p class=\"p1\">Presidente \/ CEO<\/p>\n<p class=\"p1\">Mychael\u2019s Corporation<\/p>\n<p class=\"p1\">Unit 2004 Jollibee Plaza<\/p>\n<p class=\"p1\">F. Ortigas Jr. Road<\/p>\n<p class=\"p1\">Ortigas Center, Pasig City 1605<\/p>\n<p class=\"p1\">Metro Manila, Filipinas<\/p>\n<p class=\"p1\">Paso 2: Revisaremos su solicitud<\/p>\n<p class=\"p1\">Paso 3: Usted ser\u00e1 invitado a discutir los detalles de franquicia<\/p>\n<p class=\"p1\">Paso 4: Su ubicaci\u00f3n propuesta ser\u00e1 examinada<\/p>\n<p class=\"p1\">Paso 5: Ejecuci\u00f3n del Contrato de la Franquicia<\/p>\n<p class=\"p1\">Paso 6: Contrataci\u00f3n del personal y comienzo de la capacitaci\u00f3n<\/p>\n<p class=\"p1\">Paso 7: Proporcionaremos la Pre-apertura y Asistencia del Mercadeo<\/p>\n<p class=\"p1\">Paso 8: Gran Inauguraci\u00f3n<\/p>\n<p class=\"p1\"><b>BENEFICIOS Y VENTAJAS DE LA FRANQUICIA MICH &amp; MYL NAILS<\/b><\/p>\n<p class=\"p1\">\u2022 Sal\u00f3n de u\u00f1as m\u00e1s avanzado en las Filipinas Especializada en u\u00f1as Gel<\/p>\n<p class=\"p1\">\u2022 Reconocimiento de marca<\/p>\n<p class=\"p1\">\u2022 Dise\u00f1o del Local y asistencia para la construcci\u00f3n<\/p>\n<p class=\"p1\">\u2022 Premio Otorgado como el Sal\u00f3n de u\u00f1as mas avanzado en las Filipinas (Premios\u00a0Nacionales)<\/p>\n<p class=\"p1\">\u2022 T\u00e9cnicas japonesas en Cuidado de las u\u00f1as y u\u00f1as de Gel<\/p>\n<p class=\"p1\">\u2022 Formaci\u00f3n de personal intensivo y continuo<\/p>\n<p class=\"p1\">\u2022 Una amplia gama de servicios y productos de las \u00faltimas tendencias en el cuidado de\u00a0u\u00f1as, arte de u\u00f1as y mejoras de u\u00f1as<\/p>\n<p class=\"p1\">\u2022 Posicionamiento de marca en Google<\/p>\n<p class=\"p1\">\u2022 Fuerte impacto en los medios de comunicaci\u00f3n social<\/p>\n<p class=\"p1\">\u2022 Un equipo de confianza con gran experiencia, \u00a0pasi\u00f3n y un enfoque muy pr\u00e1ctico hacia el\u00a0negocio<\/p>\n<p class=\"p1\">\u2022 Establecido y exitoso sal\u00f3n de u\u00f1as de Gel y Spa<\/p>\n<p class=\"p1\">\u2022 Interiores del sal\u00f3n moderno y acogedor<\/p>\n<p class=\"p1\"><b>CALIFICACIONES:<\/b><\/p>\n<p class=\"p1\">1. Franquiciado potencial debe comprometerse a tiempo completo y pr\u00e1ctico<\/p>\n<p class=\"p1\">2. La capacidad financiera<\/p>\n<p class=\"p1\">3. Emprendedor<\/p>\n<p class=\"p1\">4. Habilidades directivas historial<\/p>\n<p class=\"p1\">5. Comprometidos para hacer que el negocio tenga \u00e9xito<\/p>\n<p class=\"p2\"><b>Cabe destacar que las franquicias se otorgar\u00e1n a empresas legalmente constituidas que cuenten con m\u00e1s de 10 a\u00f1os de experiencia en el rubro de servicios.<\/b><\/p>\n<p class=\"p1\">\u00a1\u00a1La revoluci\u00f3n Mich &amp; Myl Nails acaba de empezar, pero ya nos estamos extendiendo\u00a0como reguero de p\u00f3lvora!! \u00a1As\u00ed que vamos!, \u00a1sea parte de esta emocionante historia de\u00a0grandes emprendedores y disfruten tambi\u00e9n de este inusitado \u00e9xito financiero!.<\/p>\n<p class=\"p1\">\u00a1Esperamos estar en contacto con usted muy pronto!.<\/p>\n<p><b>FRANCHISE INQUIRY FORM<\/b><\/p>\n\n<div class=\"wpcf7 no-js\" id=\"wpcf7-f357-o1\" lang=\"en-US\" dir=\"ltr\" data-wpcf7-id=\"357\">\n<div class=\"screen-reader-response\"><p role=\"status\" aria-live=\"polite\" aria-atomic=\"true\"><\/p> <ul><\/ul><\/div>\n<form action=\"\/es\/wp-json\/wp\/v2\/pages\/271#wpcf7-f357-o1\" method=\"post\" class=\"wpcf7-form init\" aria-label=\"Contact form\" novalidate=\"novalidate\" data-status=\"init\">\n<fieldset class=\"hidden-fields-container\"><input type=\"hidden\" name=\"_wpcf7\" value=\"357\" \/><input type=\"hidden\" name=\"_wpcf7_version\" value=\"6.1.5\" \/><input type=\"hidden\" name=\"_wpcf7_locale\" value=\"en_US\" \/><input type=\"hidden\" name=\"_wpcf7_unit_tag\" value=\"wpcf7-f357-o1\" \/><input type=\"hidden\" name=\"_wpcf7_container_post\" value=\"0\" \/><input type=\"hidden\" name=\"_wpcf7_posted_data_hash\" value=\"\" \/><input type=\"hidden\" name=\"_wpcf7_recaptcha_response\" value=\"\" \/>\n<\/fieldset>\n<p><span class=\"wpcf7-form-control-wrap\" data-name=\"Prefix\"><select class=\"wpcf7-form-control wpcf7-select wpcf7-validates-as-required\" aria-required=\"true\" aria-invalid=\"false\" name=\"Prefix\"><option value=\"\">&#8212;Please choose an option&#8212;<\/option><option value=\"Dr\">Dr<\/option><option value=\"Mr\">Mr<\/option><option value=\"Ms\">Ms<\/option><option value=\"Msr\">Msr<\/option><\/select><\/span>\n<\/p>\n<p>First Name (required)\n<\/p>\n<p><span class=\"wpcf7-form-control-wrap\" data-name=\"your-name\"><input size=\"40\" maxlength=\"400\" class=\"wpcf7-form-control wpcf7-text wpcf7-validates-as-required\" aria-required=\"true\" aria-invalid=\"false\" value=\"\" type=\"text\" name=\"your-name\" \/><\/span>\n<\/p>\n<p>Las Name (required)\n<\/p>\n<p><span class=\"wpcf7-form-control-wrap\" data-name=\"your-name\"><input size=\"40\" maxlength=\"400\" class=\"wpcf7-form-control wpcf7-text wpcf7-validates-as-required\" aria-required=\"true\" aria-invalid=\"false\" value=\"\" type=\"text\" name=\"your-name\" \/><\/span>\n<\/p>\n<p>Mobile (required)\n<\/p>\n<p><span class=\"wpcf7-form-control-wrap\" data-name=\"mobile\"><input size=\"40\" maxlength=\"400\" class=\"wpcf7-form-control wpcf7-tel wpcf7-validates-as-required wpcf7-text wpcf7-validates-as-tel\" aria-required=\"true\" aria-invalid=\"false\" value=\"\" type=\"tel\" name=\"mobile\" \/><\/span>\n<\/p>\n<p>Your Email (required)\n<\/p>\n<p><span class=\"wpcf7-form-control-wrap\" data-name=\"your-email\"><input size=\"40\" maxlength=\"400\" class=\"wpcf7-form-control wpcf7-email wpcf7-validates-as-required wpcf7-text wpcf7-validates-as-email\" aria-required=\"true\" aria-invalid=\"false\" value=\"\" type=\"email\" name=\"your-email\" \/><\/span>\n<\/p>\n<p>Subject\n<\/p>\n<p><span class=\"wpcf7-form-control-wrap\" data-name=\"your-subject\"><input size=\"40\" maxlength=\"400\" class=\"wpcf7-form-control wpcf7-text\" aria-invalid=\"false\" value=\"\" type=\"text\" name=\"your-subject\" \/><\/span>\n<\/p>\n<p>Your Message\n<\/p>\n<p><span class=\"wpcf7-form-control-wrap\" data-name=\"your-message\"><textarea cols=\"40\" rows=\"10\" maxlength=\"2000\" class=\"wpcf7-form-control wpcf7-textarea\" aria-invalid=\"false\" name=\"your-message\"><\/textarea><\/span>\n<\/p>\n<p><input class=\"wpcf7-form-control wpcf7-submit has-spinner\" type=\"submit\" value=\"Send\" \/>\n<\/p><p style=\"display: none !important;\" class=\"akismet-fields-container\" data-prefix=\"_wpcf7_ak_\"><label>&#916;<textarea name=\"_wpcf7_ak_hp_textarea\" cols=\"45\" rows=\"8\" maxlength=\"100\"><\/textarea><\/label><input type=\"hidden\" id=\"ak_js_1\" name=\"_wpcf7_ak_js\" value=\"47\"\/><script>document.getElementById( \"ak_js_1\" ).setAttribute( \"value\", ( new Date() ).getTime() );<\/script><\/p><div class=\"wpcf7-response-output\" aria-hidden=\"true\"><\/div>\n<\/form>\n<\/div>\n\n","protected":false},"excerpt":{"rendered":"<p>Mich &amp; Myl Nails le presenta un modelo de negocio adaptado a sus necesidades como\u00a0inversionista y le invita a sumergirse en un universo lleno de belleza a trav\u00e9s del sistema\u00a0de la Franquicia Mich &amp; Myl Nails. Mich &amp; Myl Nails, el Spa de Filipinas de m\u00e1s r\u00e1pido crecimiento, ofrece un enfoque \u00fanico\u00a0en las necesidades de &hellip; <a href=\"https:\/\/michmylnails.jp\/es\/franquicias\/\">Continued<\/a><\/p>\n","protected":false},"author":1,"featured_media":0,"parent":0,"menu_order":0,"comment_status":"closed","ping_status":"closed","template":"views\/template-withsidebar.blade.php","meta":{"_acf_changed":false,"_monsterinsights_skip_tracking":false,"_monsterinsights_sitenote_active":false,"_monsterinsights_sitenote_note":"","_monsterinsights_sitenote_category":0,"footnotes":""},"class_list":["post-271","page","type-page","status-publish","hentry"],"acf":[],"aioseo_notices":[],"_links":{"self":[{"href":"https:\/\/michmylnails.jp\/es\/wp-json\/wp\/v2\/pages\/271","targetHints":{"allow":["GET"]}}],"collection":[{"href":"https:\/\/michmylnails.jp\/es\/wp-json\/wp\/v2\/pages"}],"about":[{"href":"https:\/\/michmylnails.jp\/es\/wp-json\/wp\/v2\/types\/page"}],"author":[{"embeddable":true,"href":"https:\/\/michmylnails.jp\/es\/wp-json\/wp\/v2\/users\/1"}],"replies":[{"embeddable":true,"href":"https:\/\/michmylnails.jp\/es\/wp-json\/wp\/v2\/comments?post=271"}],"version-history":[{"count":0,"href":"https:\/\/michmylnails.jp\/es\/wp-json\/wp\/v2\/pages\/271\/revisions"}],"wp:attachment":[{"href":"https:\/\/michmylnails.jp\/es\/wp-json\/wp\/v2\/media?parent=271"}],"curies":[{"name":"wp","href":"https:\/\/api.w.org\/{rel}","templated":true}]}}