{"id":291,"date":"2019-12-02T00:31:48","date_gmt":"2019-12-01T16:31:48","guid":{"rendered":"https:\/\/michmylnails.jp\/dev\/v2-sage\/?page_id=291"},"modified":"2024-04-18T16:25:31","modified_gmt":"2024-04-18T08:25:31","slug":"empleo","status":"publish","type":"page","link":"https:\/\/michmylnails.jp\/es\/empleo\/","title":{"rendered":"Empleo"},"content":{"rendered":"<p class=\"p1\">En Metro Manila Filipinas oportunidades de trabajo en MICH &amp; MYL NAILS!<\/p>\n<p class=\"p1\">Si te gusta ayudar a las personas verse y sentirse bella, y est\u00e1s interesado en la salud y la\u00a0belleza, entonces tal vez un trabajo con nosotros es lo correcto para usted!<\/p>\n<p><img loading=\"lazy\" decoding=\"async\" class=\"size-full wp-image-1663 aligncenter\" src=\"https:\/\/michmylnails.jp\/wp-content\/uploads\/2021\/01\/Jobs.jpg\" alt=\"Jobs\" width=\"562\" height=\"320\" srcset=\"https:\/\/michmylnails.jp\/es\/wp-content\/uploads\/2021\/01\/Jobs.jpg 562w, https:\/\/michmylnails.jp\/es\/wp-content\/uploads\/2021\/01\/Jobs-300x171.jpg 300w, https:\/\/michmylnails.jp\/es\/wp-content\/uploads\/2021\/01\/Jobs-170x97.jpg 170w, https:\/\/michmylnails.jp\/es\/wp-content\/uploads\/2021\/01\/Jobs-116x66.jpg 116w, https:\/\/michmylnails.jp\/es\/wp-content\/uploads\/2021\/01\/Jobs-119x68.jpg 119w\" sizes=\"auto, (max-width: 562px) 100vw, 562px\" \/><\/p>\n<p class=\"p1\">Bienvenido a Mich &amp;MYL Nails! El sal\u00f3n l\u00edder de u\u00f1as de gel en las Filipinas ahora est\u00e1\u00a0buscando personal con talento, trabajador y apasionado para ser parte de nuestro equipo.<\/p>\n<p class=\"p1\">ESTAMOS EN NECESIDAD DE ESTAS POSICIONES: Por favor, vea los detalles a\u00a0continuaci\u00f3n!<\/p>\n<p class=\"p1\">Gerente de Desarrollo de Franquicias<\/p>\n<p class=\"p1\">Representante de Franquicias<\/p>\n<p class=\"p1\">Personal de contabilidad<\/p>\n<p class=\"p1\">Coordinadores Salon<\/p>\n<p class=\"p1\">Recepcionista<\/p>\n<p class=\"p1\">T\u00e9cnico de U\u00f1as<\/p>\n<p class=\"p1\">Artista de U\u00f1as<\/p>\n<p class=\"p1\">Manicurista<\/p>\n<p class=\"p1\">Pedicurista<\/p>\n<p class=\"p1\">Masajista Terapeuta<\/p>\n<p class=\"p1\"><strong>\u00a1Aplica ya! Usted puede enviar su hoja de vida a info@michmylnails.net \u00f3 llevarlo personalmente a cualquier sal\u00f3n de Mich &amp; Myl Nails cerca de usted.<\/strong><\/p>\n<p class=\"p1\"><b>Personal de Contabilidad \/ Asistente<\/b><\/p>\n<p class=\"p1\">Especializaci\u00f3n: Contabilidad, N\u00f3mina, tenedur\u00eda de libros<\/p>\n<p class=\"p1\">Localizaci\u00f3n del Empleo: Ortigas Center Business District, Pasig City, Metro Manila,\u00a0Filipinas<\/p>\n<p class=\"p1\">Tipo de empleo: Tiempo completo<\/p>\n<p class=\"p1\">Calificaci\u00f3n del Empleo:<\/p>\n<p class=\"p1\">Edad: 20 ~ 30 a\u00f1os de edad<\/p>\n<p class=\"p1\">M\u00ednimo Esfuerzo Educativo: Licenciatura \/ Grado Universitario<\/p>\n<p class=\"p1\">Salario negociable<\/p>\n<p class=\"p1\">Detalles del empleo y otros requisitos:<\/p>\n<p class=\"p1\">\u2022 Mujeres No m\u00e1s de 30 a\u00f1os de edad<\/p>\n<p class=\"p1\">\u2022 Postgrado de licenciatura en ciencias contables \u00f3 cualquier campo relacionado<\/p>\n<p class=\"p1\">\u2022 Bien versado en proceso de contabilidad<\/p>\n<p class=\"p1\">\u2022 Debe haber conocimientos de inform\u00e1tica<\/p>\n<p class=\"p1\">\u2022 Los solicitantes deben estar dispuestos a trabajar en Ortigas Center Business District,\u00a0Pasig City, Metro Manila<\/p>\n<p class=\"p1\">\u2022Posiciones a tiempo completo disponibles<\/p>\n<p class=\"p1\">Los interesados, por favor enviar su hoja de vida a: info@michmylnails.net<\/p>\n<p class=\"p1\"><b>Recepcionistas<\/b><\/p>\n<p class=\"p1\">Mich &amp; Myl Nails ofrece un buen paquete de compensaci\u00f3n basado en calificaciones, Posiciones y rendimiento. Esta es la contrataci\u00f3n directa y abierta a todos los cursos<\/p>\n<p class=\"p1\">Calificaciones:<br \/>\n\u2022 21 ~ 30 a\u00f1os<br \/>\n\u2022 Solamente Mujer<br \/>\n\u2022 Soltero \/ Casado<br \/>\n\u2022 Debe tener conocimientos de inform\u00e1tica<br \/>\n\u2022 La experiencia es una ventaja<br \/>\n\u2022 Trabajador, honesto y digno de confianza<br \/>\n\u2022 Debe tener experiencia de cajero<\/p>\n<p class=\"p1\">C\u00f3mo aplicar<br \/>\nEnviar una copia de su hoja de vida a info@michmylnails.net \u00f3 aplicar directamente a nuestra oficina. Estamos situados en Grand Emerald Tower Unit 107 G\/F, Garnet and Emerald Avenues, Ortigas Center Business District, Pasig City, Metro Manila, Filipinas (cerca de Robinsons Galleria)<\/p>\n<p class=\"p1\"><b>Manicurista \/ T\u00e9cnico de U\u00f1as \/ Artista de U\u00f1as \/ Masajista Terapeuta<\/b><\/p>\n<p class=\"p1\">Calificaciones:<br \/>\n\u2022 Mujer de 18 ~ 35 a\u00f1os<br \/>\n\u2022 Con personalidad agradable, aura positiva<br \/>\n\u2022 Debe tener al menos 6 meses de experiencia de trabajo<br \/>\n\u2022 Debe estar en buenas condiciones de salud<br \/>\n\u2022 Dispuesto a ser entrenados<br \/>\n\u2022 Dispuesto a trabajar en Metro Manila<br \/>\n\u2022 Debe ser trabajador, honesto y digno de confianza<br \/>\n\u2022 Trabajo a tiempo completo disponible<\/p>\n<p class=\"p1\">Compensaci\u00f3n<br \/>\n\u2022 Sueldo base (dependiendo de la habilidad y experiencia)<br \/>\n\u2022 Comisi\u00f3n de alta velocidad<br \/>\n\u2022 Propinas<br \/>\n\u2022 Seguro Social y Seguro M\u00e9dico<br \/>\n\u2022 Los trabajadores de un buen rendimiento se convertir\u00e1 en un empleado regular<\/p>\n<p class=\"p1\">Calificaciones:<br \/>\nCualquier certificaci\u00f3n es un punto a favor<br \/>\nCon certificaci\u00f3n Tesda o Experiencia en Sal\u00f3n de U\u00f1as es una ventaja<\/p>\n<p class=\"p1\">Requisitos:<\/p>\n<p class=\"p1\">Hoja de vida actual con una foto reciente<\/p>\n<p class=\"p1\">Certificado de antecedentes policiales<\/p>\n<p class=\"p1\">C\u00f3mo aplicar<\/p>\n<p class=\"p1\">1. Traiga su hoja de vida actual a Mich &amp; Myl Nails Sucursal de Ortigas Center Ubicado en\u00a0Grand Emerald Tower Unit 107 G\/F, Garnet and Emerald Avenues, Ortigas Center\u00a0Business District, Pasig City, Metro Manila, Filipinas<\/p>\n<p class=\"p1\">2. O Traiga su hoja de vida actual a cualquier sal\u00f3n de Mich &amp; MYL Nails cerca de usted.<\/p>\n","protected":false},"excerpt":{"rendered":"<p>En Metro Manila Filipinas oportunidades de trabajo en MICH &amp; MYL NAILS! Si te gusta ayudar a las personas verse y sentirse bella, y est\u00e1s interesado en la salud y la\u00a0belleza, entonces tal vez un trabajo con nosotros es lo correcto para usted! Bienvenido a Mich &amp;MYL Nails! El sal\u00f3n l\u00edder de u\u00f1as de gel &hellip; <a href=\"https:\/\/michmylnails.jp\/es\/empleo\/\">Continued<\/a><\/p>\n","protected":false},"author":1,"featured_media":0,"parent":0,"menu_order":0,"comment_status":"closed","ping_status":"closed","template":"views\/template-withsidebar.blade.php","meta":{"_acf_changed":false,"_monsterinsights_skip_tracking":false,"_monsterinsights_sitenote_active":false,"_monsterinsights_sitenote_note":"","_monsterinsights_sitenote_category":0,"footnotes":""},"class_list":["post-291","page","type-page","status-publish","hentry"],"acf":[],"aioseo_notices":[],"_links":{"self":[{"href":"https:\/\/michmylnails.jp\/es\/wp-json\/wp\/v2\/pages\/291","targetHints":{"allow":["GET"]}}],"collection":[{"href":"https:\/\/michmylnails.jp\/es\/wp-json\/wp\/v2\/pages"}],"about":[{"href":"https:\/\/michmylnails.jp\/es\/wp-json\/wp\/v2\/types\/page"}],"author":[{"embeddable":true,"href":"https:\/\/michmylnails.jp\/es\/wp-json\/wp\/v2\/users\/1"}],"replies":[{"embeddable":true,"href":"https:\/\/michmylnails.jp\/es\/wp-json\/wp\/v2\/comments?post=291"}],"version-history":[{"count":0,"href":"https:\/\/michmylnails.jp\/es\/wp-json\/wp\/v2\/pages\/291\/revisions"}],"wp:attachment":[{"href":"https:\/\/michmylnails.jp\/es\/wp-json\/wp\/v2\/media?parent=291"}],"curies":[{"name":"wp","href":"https:\/\/api.w.org\/{rel}","templated":true}]}}