{"id":297,"date":"2019-12-02T00:36:52","date_gmt":"2019-12-01T16:36:52","guid":{"rendered":"https:\/\/michmylnails.jp\/dev\/v2-sage\/?page_id=297"},"modified":"2024-04-18T16:16:20","modified_gmt":"2024-04-18T08:16:20","slug":"nosotros","status":"publish","type":"page","link":"https:\/\/michmylnails.jp\/es\/nosotros\/","title":{"rendered":"Nosotros"},"content":{"rendered":"<p><img loading=\"lazy\" decoding=\"async\" class=\"alignnone size-full wp-image-2565 aligncenter\" src=\"https:\/\/michmylnails.jp\/wp-content\/uploads\/2021\/08\/Mylene-Flores.png\" alt=\"Mylene Flores\" width=\"562\" height=\"490\" srcset=\"https:\/\/michmylnails.jp\/es\/wp-content\/uploads\/2021\/08\/Mylene-Flores.png 562w, https:\/\/michmylnails.jp\/es\/wp-content\/uploads\/2021\/08\/Mylene-Flores-300x262.png 300w, https:\/\/michmylnails.jp\/es\/wp-content\/uploads\/2021\/08\/Mylene-Flores-170x148.png 170w, https:\/\/michmylnails.jp\/es\/wp-content\/uploads\/2021\/08\/Mylene-Flores-76x66.png 76w, https:\/\/michmylnails.jp\/es\/wp-content\/uploads\/2021\/08\/Mylene-Flores-78x68.png 78w\" sizes=\"auto, (max-width: 562px) 100vw, 562px\" \/><\/p>\n<p class=\"p1\">En pleno Manila, Filipinas Mich &amp; Myl Nails abri\u00f3 sus puertas al p\u00fablico, estableci\u00e9ndose\u00a0como el primer sal\u00f3n de belleza m\u00e1s avanzado y especializado en u\u00f1as de gel en febrero\u00a0del a\u00f1o 2011.<\/p>\n<p class=\"p1\">Siendo fundada por Mylene C. Flores, Mich &amp; Myl Nails Salon y Spa, ofrece lo mejor en\u00a0servicios de pintura profesional y extensi\u00f3n de u\u00f1as.<\/p>\n<p class=\"p1\">Contamos con capacitaciones extensas en Tokio &#8211; Jap\u00f3n, Am\u00e9rica y Hong Kong. La pasi\u00f3n\u00a0por los procesos de embellecimiento de u\u00f1as y el amor a los tratamientos de spa\u00a0org\u00e1nicos, le dieron a Mylene el desaf\u00edo de continuar con su \u201cviaje de u\u00f1as\u201d a trav\u00e9s de\u00a0una profunda educaci\u00f3n y pr\u00e1ctica de las t\u00e9cnicas m\u00e1s avanzadas de embellecimiento de\u00a0las manos, manteni\u00e9ndose al d\u00eda con la \u00faltima moda y las tendencias, asimismo poniendo\u00a0a los salones de belleza de Mich &amp; Myl Nails muy por delante a los de su clase.<\/p>\n<p class=\"p1\">Nuestros servicios cruzan las fronteras, y cumplen con las necesidades de nuestros\u00a0clientes filipinos y extranjeros. En Mich &amp; Myl Nails evaluamos el saneamiento y la\u00a0limpieza, ya que nuestro objetivo es brindar la m\u00e1s alta satisfacci\u00f3n para poder pintar una\u00a0sonrisa en cada uno de los rostros de nuestros clientes.<\/p>\n<p class=\"p1\">Mich &amp; Myl Nails est\u00e1 dise\u00f1ado para satisfacer las necesidades de cada cliente, es un\u00a0para\u00edso de la relajaci\u00f3n que promueve la comodidad, la belleza, el bienestar y la salud. Un\u00a0sal\u00f3n de lujo de u\u00f1as y spa, un servicio de clase mundial a su alcance.<\/p>\n<p class=\"p1\"><b>Declaraci\u00f3n de la Misi\u00f3n:<\/b><\/p>\n<p class=\"p1\">Brindar servicios del cuidado de las u\u00f1as saludables y productos que cumplan con las expectativas de nuestros clientes en un ambiente esterilizado y limpio.<\/p>\n<p class=\"p1\"><b>Declaraci\u00f3n de la Visi\u00f3n:<\/b><\/p>\n<p class=\"p1\">Brindar un servicio personalizado con respecto a nuestra asidua clientela. Siempre con\u00a0nuestro caracter\u00edstico trato cordial, experto y profesional, les ofrecemos el mejor servicio\u00a0posible, mientras se mantiene un alto est\u00e1ndar en el cuidado de las u\u00f1as.<\/p>\n<p class=\"p1\"><b>Lo que puede Esperar<\/b><\/p>\n<p class=\"p1\">\u2022 Tratamientos de u\u00f1as de lujo<\/p>\n<p class=\"p1\">\u2022 Amplia selecci\u00f3n de las mejores piedras de esmalte de u\u00f1as y arte<\/p>\n<p class=\"p1\">\u2022 Dise\u00f1os de arte de u\u00f1as de gel de moda o cl\u00e1sicos y largas u\u00f1as duraderas<\/p>\n<p class=\"p1\">\u2022 Buen mantenimiento higi\u00e9nico en el entorno<\/p>\n<p class=\"p1\">\u2022 Amigable personal \/ t\u00e9cnicos en u\u00f1as altamente capacitados<\/p>\n<p class=\"p1\">\u2022 Esterilizaci\u00f3n de implementos y tinas de pie para su seguridad<\/p>\n<p class=\"p1\">\u2022 Las bebidas de cortes\u00eda est\u00e1n disponibles<\/p>\n<p class=\"p1\">Por favor, ll\u00e1menos o visite nuestros salones de belleza para m\u00e1s informaci\u00f3n sobre c\u00f3mo\u00a0podemos hacer que sus u\u00f1as sean m\u00e1s fuertes y bonitas.<\/p>\n","protected":false},"excerpt":{"rendered":"<p>En pleno Manila, Filipinas Mich &amp; Myl Nails abri\u00f3 sus puertas al p\u00fablico, estableci\u00e9ndose\u00a0como el primer sal\u00f3n de belleza m\u00e1s avanzado y especializado en u\u00f1as de gel en febrero\u00a0del a\u00f1o 2011. Siendo fundada por Mylene C. Flores, Mich &amp; Myl Nails Salon y Spa, ofrece lo mejor en\u00a0servicios de pintura profesional y extensi\u00f3n de u\u00f1as. &hellip; <a href=\"https:\/\/michmylnails.jp\/es\/nosotros\/\">Continued<\/a><\/p>\n","protected":false},"author":1,"featured_media":0,"parent":0,"menu_order":0,"comment_status":"closed","ping_status":"closed","template":"views\/template-withsidebar.blade.php","meta":{"_acf_changed":false,"_monsterinsights_skip_tracking":false,"_monsterinsights_sitenote_active":false,"_monsterinsights_sitenote_note":"","_monsterinsights_sitenote_category":0,"footnotes":""},"class_list":["post-297","page","type-page","status-publish","hentry"],"acf":[],"aioseo_notices":[],"_links":{"self":[{"href":"https:\/\/michmylnails.jp\/es\/wp-json\/wp\/v2\/pages\/297","targetHints":{"allow":["GET"]}}],"collection":[{"href":"https:\/\/michmylnails.jp\/es\/wp-json\/wp\/v2\/pages"}],"about":[{"href":"https:\/\/michmylnails.jp\/es\/wp-json\/wp\/v2\/types\/page"}],"author":[{"embeddable":true,"href":"https:\/\/michmylnails.jp\/es\/wp-json\/wp\/v2\/users\/1"}],"replies":[{"embeddable":true,"href":"https:\/\/michmylnails.jp\/es\/wp-json\/wp\/v2\/comments?post=297"}],"version-history":[{"count":0,"href":"https:\/\/michmylnails.jp\/es\/wp-json\/wp\/v2\/pages\/297\/revisions"}],"wp:attachment":[{"href":"https:\/\/michmylnails.jp\/es\/wp-json\/wp\/v2\/media?parent=297"}],"curies":[{"name":"wp","href":"https:\/\/api.w.org\/{rel}","templated":true}]}}