{"id":303,"date":"2019-12-02T00:41:30","date_gmt":"2019-12-01T16:41:30","guid":{"rendered":"https:\/\/michmylnails.jp\/dev\/v2-sage\/?page_id=303"},"modified":"2025-09-17T00:46:15","modified_gmt":"2025-09-16T16:46:15","slug":"contacto","status":"publish","type":"page","link":"https:\/\/michmylnails.jp\/es\/contacto\/","title":{"rendered":"Contacto"},"content":{"rendered":"<p><strong>Sal\u00f3n SM Mall of Asia<\/strong><br \/>\n0917-179-2097<\/p>\n<p><strong>Sal\u00f3n SM Seaside City Cebu<\/strong><br \/>\n0917-152-2097<\/p>\n<p><strong>Sal\u00f3n SM City Santa Rosa<\/strong><br \/>\n0917-870-2382<\/p>\n<p><strong>Sal\u00f3n Market Market<\/strong><br \/>\n0917-140-4261<\/p>\n<p><b><strong style=\"font-style: inherit;\"><strong>Sal\u00f3n <\/strong>34th Street BGC <\/strong><\/b>Reapertura Pronto<span style=\"font-family: inherit; font-size: inherit;\">!<\/span><strong><br \/>\n<\/strong>0917-790-0001<\/p>\n<p><strong>Sal\u00f3n\u00a0Legazpi Village Makati<\/strong><br \/>\n0917-178-2097<\/p>\n<p><strong>Sal\u00f3n SM CDO Downtown<\/strong><br \/>\n0917-146-7929<\/p>\n<p><strong>Sal\u00f3n SM City J Mall<\/strong><br \/>\n0917-683-0001<\/p>\n<p class=\"tve-droppable\"><strong>Sal\u00f3n Ortigas Center<\/strong><br \/>\n0917-512-2097<\/p>\n<p class=\"tve-droppable\"><strong>Sal\u00f3n\u00a0Landmark Trinoma<\/strong><br \/>\n0917-512-2097<\/p>\n<p><strong>Sal\u00f3n\u00a0Salcedo Village Makati<\/strong><br \/>\n0915-528-0957<\/p>\n<p><strong>Sal\u00f3n\u00a0Newport City<\/strong><br \/>\n0927-334-4329<\/p>\n<p><strong>Sal\u00f3n SM City Bacolod<\/strong><br \/>\n0915-358-6555<\/p>\n<p><strong>Sal\u00f3n The Podium<\/strong><br \/>\n0995-766-6592<\/p>\n<p class=\"tve-droppable\"><strong>Sal\u00f3n SM Lanang<br \/>\n<\/strong>0948-677-4834<\/p>\n<p class=\"tve-droppable\"><strong>Sal\u00f3n\u00a0SM Southmall<\/strong><br \/>\n0968-755-8219<\/p>\n<p><strong>Sal\u00f3n SM City Araneta<\/strong><br \/>\n0933-826-8597<\/p>\n<p style=\"text-align: left;\">\n<div class=\"wpcf7 no-js\" id=\"wpcf7-f360-o1\" lang=\"en-US\" dir=\"ltr\" data-wpcf7-id=\"360\">\n<div class=\"screen-reader-response\"><p role=\"status\" aria-live=\"polite\" aria-atomic=\"true\"><\/p> <ul><\/ul><\/div>\n<form action=\"\/es\/wp-json\/wp\/v2\/pages\/303#wpcf7-f360-o1\" method=\"post\" class=\"wpcf7-form init\" aria-label=\"Contact form\" novalidate=\"novalidate\" data-status=\"init\">\n<fieldset class=\"hidden-fields-container\"><input type=\"hidden\" name=\"_wpcf7\" value=\"360\" \/><input type=\"hidden\" name=\"_wpcf7_version\" value=\"6.1.5\" \/><input type=\"hidden\" name=\"_wpcf7_locale\" value=\"en_US\" \/><input type=\"hidden\" name=\"_wpcf7_unit_tag\" value=\"wpcf7-f360-o1\" \/><input type=\"hidden\" name=\"_wpcf7_container_post\" value=\"0\" \/><input type=\"hidden\" name=\"_wpcf7_posted_data_hash\" value=\"\" \/><input type=\"hidden\" name=\"_wpcf7_recaptcha_response\" value=\"\" \/>\n<\/fieldset>\n<p>Your Name (required)\n<\/p>\n<p><span class=\"wpcf7-form-control-wrap\" data-name=\"your-name\"><input size=\"40\" maxlength=\"400\" class=\"wpcf7-form-control wpcf7-text wpcf7-validates-as-required\" aria-required=\"true\" aria-invalid=\"false\" value=\"\" type=\"text\" name=\"your-name\" \/><\/span>\n<\/p>\n<p>Your Email (required)\n<\/p>\n<p><span class=\"wpcf7-form-control-wrap\" data-name=\"your-email\"><input size=\"40\" maxlength=\"400\" class=\"wpcf7-form-control wpcf7-email wpcf7-validates-as-required wpcf7-text wpcf7-validates-as-email\" aria-required=\"true\" aria-invalid=\"false\" value=\"\" type=\"email\" name=\"your-email\" \/><\/span>\n<\/p>\n<p>Subject\n<\/p>\n<p><span class=\"wpcf7-form-control-wrap\" data-name=\"your-subject\"><input size=\"40\" maxlength=\"400\" class=\"wpcf7-form-control wpcf7-text\" aria-invalid=\"false\" value=\"\" type=\"text\" name=\"your-subject\" \/><\/span>\n<\/p>\n<p>Your Message\n<\/p>\n<p><span class=\"wpcf7-form-control-wrap\" data-name=\"your-message\"><textarea cols=\"40\" rows=\"10\" maxlength=\"2000\" class=\"wpcf7-form-control wpcf7-textarea\" aria-invalid=\"false\" name=\"your-message\"><\/textarea><\/span>\n<\/p>\n<p><input class=\"wpcf7-form-control wpcf7-submit has-spinner\" type=\"submit\" value=\"Send\" \/>\n<\/p><p style=\"display: none !important;\" class=\"akismet-fields-container\" data-prefix=\"_wpcf7_ak_\"><label>&#916;<textarea name=\"_wpcf7_ak_hp_textarea\" cols=\"45\" rows=\"8\" maxlength=\"100\"><\/textarea><\/label><input type=\"hidden\" id=\"ak_js_1\" name=\"_wpcf7_ak_js\" value=\"217\"\/><script>document.getElementById( \"ak_js_1\" ).setAttribute( \"value\", ( new Date() ).getTime() );<\/script><\/p><div class=\"wpcf7-response-output\" aria-hidden=\"true\"><\/div>\n<\/form>\n<\/div>\n<\/p>\n","protected":false},"excerpt":{"rendered":"<p>Sal\u00f3n SM Mall of Asia 0917-179-2097 Sal\u00f3n SM Seaside City Cebu 0917-152-2097 Sal\u00f3n SM City Santa Rosa 0917-870-2382 Sal\u00f3n Market Market 0917-140-4261 Sal\u00f3n 34th Street BGC Reapertura Pronto! 0917-790-0001 Sal\u00f3n\u00a0Legazpi Village Makati 0917-178-2097 Sal\u00f3n SM CDO Downtown 0917-146-7929 Sal\u00f3n SM City J Mall 0917-683-0001 Sal\u00f3n Ortigas Center 0917-512-2097 Sal\u00f3n\u00a0Landmark Trinoma 0917-512-2097 Sal\u00f3n\u00a0Salcedo Village Makati 0915-528-0957 &hellip; <a href=\"https:\/\/michmylnails.jp\/es\/contacto\/\">Continued<\/a><\/p>\n","protected":false},"author":1,"featured_media":0,"parent":0,"menu_order":0,"comment_status":"closed","ping_status":"closed","template":"views\/template-withsidebar.blade.php","meta":{"_acf_changed":false,"_monsterinsights_skip_tracking":false,"_monsterinsights_sitenote_active":false,"_monsterinsights_sitenote_note":"","_monsterinsights_sitenote_category":0,"footnotes":""},"class_list":["post-303","page","type-page","status-publish","hentry"],"acf":[],"aioseo_notices":[],"_links":{"self":[{"href":"https:\/\/michmylnails.jp\/es\/wp-json\/wp\/v2\/pages\/303","targetHints":{"allow":["GET"]}}],"collection":[{"href":"https:\/\/michmylnails.jp\/es\/wp-json\/wp\/v2\/pages"}],"about":[{"href":"https:\/\/michmylnails.jp\/es\/wp-json\/wp\/v2\/types\/page"}],"author":[{"embeddable":true,"href":"https:\/\/michmylnails.jp\/es\/wp-json\/wp\/v2\/users\/1"}],"replies":[{"embeddable":true,"href":"https:\/\/michmylnails.jp\/es\/wp-json\/wp\/v2\/comments?post=303"}],"version-history":[{"count":9,"href":"https:\/\/michmylnails.jp\/es\/wp-json\/wp\/v2\/pages\/303\/revisions"}],"predecessor-version":[{"id":3449,"href":"https:\/\/michmylnails.jp\/es\/wp-json\/wp\/v2\/pages\/303\/revisions\/3449"}],"wp:attachment":[{"href":"https:\/\/michmylnails.jp\/es\/wp-json\/wp\/v2\/media?parent=303"}],"curies":[{"name":"wp","href":"https:\/\/api.w.org\/{rel}","templated":true}]}}