{"id":3033,"date":"2021-10-10T11:00:38","date_gmt":"2021-10-10T03:00:38","guid":{"rendered":"https:\/\/michmylnails.jp\/es\/?page_id=3033"},"modified":"2023-10-13T00:31:07","modified_gmt":"2023-10-12T16:31:07","slug":"paquetes-spa","status":"publish","type":"page","link":"https:\/\/michmylnails.jp\/es\/paquetes-spa\/","title":{"rendered":"Paquetes Spa"},"content":{"rendered":"<p class=\"p1\">\u00bfQu\u00e9 es m\u00e1s divertido que mimarse con servicios de spa y refrescos gratuitos &#8230;<\/p>\n<p><img loading=\"lazy\" decoding=\"async\" class=\"size-medium wp-image-3294 aligncenter\" src=\"https:\/\/michmylnails.jp\/es\/wp-content\/uploads\/2023\/10\/Mich-Myl-Nails-Spa-Party-300x171.jpg\" alt=\"Mich &amp; Myl Nails\" width=\"562\" height=\"320\" srcset=\"https:\/\/michmylnails.jp\/es\/wp-content\/uploads\/2023\/10\/Mich-Myl-Nails-Spa-Party-300x171.jpg 300w, https:\/\/michmylnails.jp\/es\/wp-content\/uploads\/2023\/10\/Mich-Myl-Nails-Spa-Party-170x97.jpg 170w, https:\/\/michmylnails.jp\/es\/wp-content\/uploads\/2023\/10\/Mich-Myl-Nails-Spa-Party-116x66.jpg 116w, https:\/\/michmylnails.jp\/es\/wp-content\/uploads\/2023\/10\/Mich-Myl-Nails-Spa-Party-119x68.jpg 119w, https:\/\/michmylnails.jp\/es\/wp-content\/uploads\/2023\/10\/Mich-Myl-Nails-Spa-Party.jpg 562w\" sizes=\"auto, (max-width: 562px) 100vw, 562px\" \/><\/p>\n<p class=\"p1\">Comparte tu experiencia en Mich &amp; Myl Nails con tus amigos! Mich &amp; Myl Nails no s\u00f3lo es\u00a0simplemente un lugar embellecer sus u\u00f1as, sino que tambi\u00e9n sirve como un lugar para\u00a0socializarse. Somos los anfitriones de sus reuniones grupales incluyendo cumplea\u00f1os y\u00a0despedida de soltera \u00f3 simplemente una noche de chicas! y echa un vistazo a nuestros\u00a0paquetes accessibles.<\/p>\n<p class=\"p1\">Paquete Spa es buena idea para la despedida de soltera, cumplea\u00f1os, fiesta de los ni\u00f1os,\u00a0noche de chicas, aniversario y otras ocasiones.<\/p>\n<p>&nbsp;<\/p>\n<p class=\"p1\">Paquete Spa de Lujo<\/p>\n<p class=\"p1\">(A S\u00f3lo 6,500 pesos filipinos)<\/p>\n<p class=\"p1\">Ideal para 4 ~ 6 personas<\/p>\n<p class=\"p1\">uso exclusivo de Mich &amp; Myl Nails durante 2 horas.<\/p>\n<p class=\"p1\">1 tratamiento por persona<\/p>\n<p class=\"p1\">2 platos de papas fritas \u00f3 manies<\/p>\n<p class=\"p1\">bebidas de cortes\u00eda<\/p>\n<p class=\"p1\">Pueden llevar alimentos y bebidas sin costos adicionales<\/p>\n<p>&nbsp;<\/p>\n<p class=\"p1\">Paquete Spa de Calidad Superior<\/p>\n<p class=\"p1\">(A s\u00f3lo 8,500 pesos filipinos)<\/p>\n<p class=\"p1\">Ideal para 4 ~ 6 personas<\/p>\n<p class=\"p1\">uso exclusivo de Mich &amp; Myl Nails durante 3 horas.<\/p>\n<p class=\"p1\">1 tratamiento por persona<\/p>\n<p class=\"p1\">4 platos de papas fritas \u00f3 manies<\/p>\n<p class=\"p1\">bebidas de cortes\u00eda<\/p>\n<p class=\"p1\">Esmalte de marca sin costos adicionales<\/p>\n<p class=\"p1\">Pueden llevar alimentos y bebidas sin costos adicionales<\/p>\n<p class=\"p1\">Paquetes para Ni\u00f1os<\/p>\n<p class=\"p1\">(A s\u00f3lo 8,000 pesos filipinos)<\/p>\n<p class=\"p1\">Ideal para 6 ~ 8 ni\u00f1os<\/p>\n<p class=\"p1\">uso exclusivo de Mich &amp; Myl Nails durante 2\u00a0horas y 30 minutos.<\/p>\n<p class=\"p1\">1 tratamiento por ni\u00f1o<\/p>\n<p class=\"p1\">4 platos de papas fritas \u00f3 galletas<\/p>\n<p class=\"p1\">bebidas de cortes\u00eda<\/p>\n<p class=\"p1\">M\u00e1scara facial gratuito (mascarilla natural utilizando yogur, avena y pepinos)<\/p>\n<p class=\"p1\">Pueden llevar alimentos y bebidas sin costos adicionales<\/p>\n<p class=\"p1\">Elecci\u00f3n de Servicios del Paquete<\/p>\n<p class=\"p1\">Manicure cl\u00e1sico<\/p>\n<p class=\"p1\">Pedicura cl\u00e1sico<\/p>\n<p class=\"p1\">Manicura de Lujo<\/p>\n<p class=\"p1\">Pedicura de Lujo<\/p>\n<p class=\"p1\">Artes de U\u00f1as<\/p>\n<p class=\"p1\">Manicura francesa<\/p>\n<p class=\"p1\">Pedicura francesa<\/p>\n<p class=\"p1\">Masaje para manos 30 minutos.<\/p>\n<p class=\"p1\">Masaje para pies 30 minutos<\/p>\n<p class=\"p1\">Parafina Tratamiento para manos y Manicura<\/p>\n<p class=\"p1\">Parafina Tratamiento para pies y Pedicura<\/p>\n<p class=\"p1\">Servicios que no est\u00e1n incluidos en la elecci\u00f3n de paquetes se pueden brindar con un cargo adicional. Para obtener m\u00e1s informaci\u00f3n acerca de los Paquetes Spa y Reservaciones por favor env\u00ede un correo a info@michmylnails.net<\/p>\n","protected":false},"excerpt":{"rendered":"<p>\u00bfQu\u00e9 es m\u00e1s divertido que mimarse con servicios de spa y refrescos gratuitos &#8230; Comparte tu experiencia en Mich &amp; Myl Nails con tus amigos! Mich &amp; Myl Nails no s\u00f3lo es\u00a0simplemente un lugar embellecer sus u\u00f1as, sino que tambi\u00e9n sirve como un lugar para\u00a0socializarse. Somos los anfitriones de sus reuniones grupales incluyendo cumplea\u00f1os y\u00a0despedida &hellip; <a href=\"https:\/\/michmylnails.jp\/es\/paquetes-spa\/\">Continued<\/a><\/p>\n","protected":false},"author":1,"featured_media":0,"parent":0,"menu_order":0,"comment_status":"closed","ping_status":"closed","template":"views\/template-withsidebar.blade.php","meta":{"_acf_changed":false,"_monsterinsights_skip_tracking":false,"_monsterinsights_sitenote_active":false,"_monsterinsights_sitenote_note":"","_monsterinsights_sitenote_category":0,"footnotes":""},"class_list":["post-3033","page","type-page","status-publish","hentry"],"acf":[],"aioseo_notices":[],"_links":{"self":[{"href":"https:\/\/michmylnails.jp\/es\/wp-json\/wp\/v2\/pages\/3033","targetHints":{"allow":["GET"]}}],"collection":[{"href":"https:\/\/michmylnails.jp\/es\/wp-json\/wp\/v2\/pages"}],"about":[{"href":"https:\/\/michmylnails.jp\/es\/wp-json\/wp\/v2\/types\/page"}],"author":[{"embeddable":true,"href":"https:\/\/michmylnails.jp\/es\/wp-json\/wp\/v2\/users\/1"}],"replies":[{"embeddable":true,"href":"https:\/\/michmylnails.jp\/es\/wp-json\/wp\/v2\/comments?post=3033"}],"version-history":[{"count":0,"href":"https:\/\/michmylnails.jp\/es\/wp-json\/wp\/v2\/pages\/3033\/revisions"}],"wp:attachment":[{"href":"https:\/\/michmylnails.jp\/es\/wp-json\/wp\/v2\/media?parent=3033"}],"curies":[{"name":"wp","href":"https:\/\/api.w.org\/{rel}","templated":true}]}}