{"id":804,"date":"2020-12-02T12:42:47","date_gmt":"2020-12-02T04:42:47","guid":{"rendered":"https:\/\/michmylnails.jp\/dev\/v2-sage\/?page_id=804"},"modified":"2024-04-18T16:11:42","modified_gmt":"2024-04-18T08:11:42","slug":"derechos-de-autor","status":"publish","type":"page","link":"https:\/\/michmylnails.jp\/es\/derechos-de-autor\/","title":{"rendered":"Derechos de Autor"},"content":{"rendered":"<p class=\"p1\">www.MICHMYLNAILS.jp\/es\/ Todos los derechos reservados. Todos los contenidos de la p\u00e1gina web de Mich &amp; Myl Nails en Espa\u00f1ol pertenece a Mychael\u2019s Corporaci\u00f3n, a excepci\u00f3n de los datos que est\u00e1n protegidos por las leyes de derechos de autor, como &#8220;uso personal&#8221; \u00f3 &#8220;cita&#8221;, no se les permite ser duplicada, transmitida al p\u00fablico, traducida, que se venda y prestado sin permiso. Por otra parte, si desea utilizar todos los art\u00edculos, fotograf\u00edas, ilustraciones, im\u00e1genes y otros contenidos que se han publicado por Mychael\u2019s Corporaci\u00f3n, por favor p\u00f3ngase en contacto con el propietario del copyright \u00f3 Mychael\u2019s Corporaci\u00f3n.<\/p>\n","protected":false},"excerpt":{"rendered":"<p>www.MICHMYLNAILS.jp\/es\/ Todos los derechos reservados. Todos los contenidos de la p\u00e1gina web de Mich &amp; Myl Nails en Espa\u00f1ol pertenece a Mychael\u2019s Corporaci\u00f3n, a excepci\u00f3n de los datos que est\u00e1n protegidos por las leyes de derechos de autor, como &#8220;uso personal&#8221; \u00f3 &#8220;cita&#8221;, no se les permite ser duplicada, transmitida al p\u00fablico, traducida, que se &hellip; <a href=\"https:\/\/michmylnails.jp\/es\/derechos-de-autor\/\">Continued<\/a><\/p>\n","protected":false},"author":1,"featured_media":0,"parent":0,"menu_order":0,"comment_status":"closed","ping_status":"closed","template":"views\/template-withsidebar.blade.php","meta":{"_acf_changed":false,"_monsterinsights_skip_tracking":false,"_monsterinsights_sitenote_active":false,"_monsterinsights_sitenote_note":"","_monsterinsights_sitenote_category":0,"footnotes":""},"class_list":["post-804","page","type-page","status-publish","hentry"],"acf":[],"aioseo_notices":[],"_links":{"self":[{"href":"https:\/\/michmylnails.jp\/es\/wp-json\/wp\/v2\/pages\/804","targetHints":{"allow":["GET"]}}],"collection":[{"href":"https:\/\/michmylnails.jp\/es\/wp-json\/wp\/v2\/pages"}],"about":[{"href":"https:\/\/michmylnails.jp\/es\/wp-json\/wp\/v2\/types\/page"}],"author":[{"embeddable":true,"href":"https:\/\/michmylnails.jp\/es\/wp-json\/wp\/v2\/users\/1"}],"replies":[{"embeddable":true,"href":"https:\/\/michmylnails.jp\/es\/wp-json\/wp\/v2\/comments?post=804"}],"version-history":[{"count":0,"href":"https:\/\/michmylnails.jp\/es\/wp-json\/wp\/v2\/pages\/804\/revisions"}],"wp:attachment":[{"href":"https:\/\/michmylnails.jp\/es\/wp-json\/wp\/v2\/media?parent=804"}],"curies":[{"name":"wp","href":"https:\/\/api.w.org\/{rel}","templated":true}]}}