{"id":814,"date":"2020-12-02T13:12:23","date_gmt":"2020-12-02T05:12:23","guid":{"rendered":"https:\/\/michmylnails.jp\/dev\/v2-sage\/?page_id=814"},"modified":"2024-04-18T16:19:37","modified_gmt":"2024-04-18T08:19:37","slug":"politica-de-privacidad","status":"publish","type":"page","link":"https:\/\/michmylnails.jp\/es\/politica-de-privacidad\/","title":{"rendered":"Pol\u00edtica de Privacidad"},"content":{"rendered":"<p class=\"p1\"><b>Pol\u00edtica de privacidad y t\u00e9rminos de uso<\/b><\/p>\n<p class=\"p1\">Mich &amp; Myl Nails de Mychael&#8217;s Corporation se compromete a mantener toda la informaci\u00f3n personal recopilada de aquellas personas que visitan nuestro sitio web y hacen uso de nuestras instalaciones y servicios en l\u00ednea de forma precisa, confidencial, segura y privada. Nuestra pol\u00edtica de privacidad ha sido dise\u00f1ada y creada para garantizar a aquellos afiliados a nosotros nuestro compromiso y cumplimiento de nuestra obligaci\u00f3n no solo de cumplir, sino de superar la mayor\u00eda de los est\u00e1ndares de privacidad existentes.<\/p>\n","protected":false},"excerpt":{"rendered":"<p>Pol\u00edtica de privacidad y t\u00e9rminos de uso Mich &amp; Myl Nails de Mychael&#8217;s Corporation se compromete a mantener toda la informaci\u00f3n personal recopilada de aquellas personas que visitan nuestro sitio web y hacen uso de nuestras instalaciones y servicios en l\u00ednea de forma precisa, confidencial, segura y privada. Nuestra pol\u00edtica de privacidad ha sido dise\u00f1ada &hellip; <a href=\"https:\/\/michmylnails.jp\/es\/politica-de-privacidad\/\">Continued<\/a><\/p>\n","protected":false},"author":1,"featured_media":0,"parent":0,"menu_order":0,"comment_status":"closed","ping_status":"closed","template":"views\/template-withsidebar.blade.php","meta":{"_acf_changed":false,"_monsterinsights_skip_tracking":false,"_monsterinsights_sitenote_active":false,"_monsterinsights_sitenote_note":"","_monsterinsights_sitenote_category":0,"footnotes":""},"class_list":["post-814","page","type-page","status-publish","hentry"],"acf":[],"aioseo_notices":[],"_links":{"self":[{"href":"https:\/\/michmylnails.jp\/es\/wp-json\/wp\/v2\/pages\/814","targetHints":{"allow":["GET"]}}],"collection":[{"href":"https:\/\/michmylnails.jp\/es\/wp-json\/wp\/v2\/pages"}],"about":[{"href":"https:\/\/michmylnails.jp\/es\/wp-json\/wp\/v2\/types\/page"}],"author":[{"embeddable":true,"href":"https:\/\/michmylnails.jp\/es\/wp-json\/wp\/v2\/users\/1"}],"replies":[{"embeddable":true,"href":"https:\/\/michmylnails.jp\/es\/wp-json\/wp\/v2\/comments?post=814"}],"version-history":[{"count":0,"href":"https:\/\/michmylnails.jp\/es\/wp-json\/wp\/v2\/pages\/814\/revisions"}],"wp:attachment":[{"href":"https:\/\/michmylnails.jp\/es\/wp-json\/wp\/v2\/media?parent=814"}],"curies":[{"name":"wp","href":"https:\/\/api.w.org\/{rel}","templated":true}]}}