{"id":818,"date":"2020-12-02T13:19:14","date_gmt":"2020-12-02T05:19:14","guid":{"rendered":"https:\/\/michmylnails.jp\/dev\/v2-sage\/?page_id=818"},"modified":"2024-04-18T16:23:34","modified_gmt":"2024-04-18T08:23:34","slug":"terminos-y-condiciones","status":"publish","type":"page","link":"https:\/\/michmylnails.jp\/es\/terminos-y-condiciones\/","title":{"rendered":"T\u00e9rminos y Condiciones"},"content":{"rendered":"<p class=\"p1\">Hora de llegada<\/p>\n<p class=\"p1\">Para tener la mejor experiencia, invitamos a los clientes a llegar 10 minutos antes de las reservas para garantizar que haya suficiente tiempo para completar los formularios necesarios y elegir entre la amplia gama de colores disponibles. Como cortes\u00eda a todos nuestros clientes, se cumple con un horario de citas r\u00e1pido, es posible que no se respeten las citas tard\u00edas. Los tratamientos iniciados tarde se acortar\u00e1n en consideraci\u00f3n al pr\u00f3ximo cliente.<\/p>\n<p class=\"p1\">Pol\u00edtica de cancelaci\u00f3n<\/p>\n<p class=\"p1\">En Mich &amp; Myl Nails tenemos una estricta pol\u00edtica de cancelaci\u00f3n de 24 horas para acomodar la alta demanda de citas. Esta pol\u00edtica se aplica en todos los \u00e1mbitos, ya sea que se reserve en persona, por tel\u00e9fono, por correo electr\u00f3nico o en l\u00ednea a trav\u00e9s de nuestro sitio web o aplicaci\u00f3n. Nos complace cancelar o reprogramar citas, siempre que tengamos un aviso de al menos 24 horas. Para evitar dudas, si no se notifica a Mich &amp; Myl Nails dentro de las 24 horas, se perder\u00e1 la cita y se cobrar\u00e1 el 100 % de la tarifa de cancelaci\u00f3n o se perder\u00e1 un art\u00edculo del paquete. No se otorgar\u00e1n reembolsos por reservas canceladas o reprogramadas. Las reservas con menos de 24 horas de antelaci\u00f3n no se degradar\u00e1n y se pagar\u00e1 el valor total en el momento de la reserva. Los clientes que lleguen m\u00e1s de diez minutos tarde a sus citas correr\u00e1n el riesgo de perder su cita y se les cobrar\u00e1 la totalidad. Tenga en cuenta que, en caso de llegar tarde, es posible que no podamos llevar a cabo el tratamiento completo; sin embargo, se le cobrar\u00e1 el valor total del tratamiento que se realiz\u00f3 en el momento de la reserva. El sistema requiere una no presentaci\u00f3n y cancelaciones repetidas para luego reservar solo a trav\u00e9s de nuestra aplicaci\u00f3n.<\/p>\n<p class=\"p1\">Reservas para fiestas de spa<\/p>\n<p class=\"p1\">Requerimos un dep\u00f3sito del 50%, a pagar antes de la fecha de su Spa Party. Necesitaremos 48 horas para cambiar o cancelar la reserva y los dep\u00f3sitos se calculan de acuerdo con cada tratamiento.<\/p>\n<p class=\"p1\">Vales de regalo<\/p>\n<p class=\"p1\">Si paga con un bono de regalo, debe proporcionar los detalles en el momento de la reserva. Los vales de regalo deben presentarse en recepci\u00f3n a la llegada para el tratamiento reservado. La falta de asistencia a una cita dar\u00e1 lugar a que el pago total o parcial de su visita se descuente de su bono regalo. Sin embargo, honraremos el saldo restante del cup\u00f3n para uso futuro.<\/p>\n<p class=\"p1\">Los vales de regalo tienen una validez de 12 meses. Mich &amp; Myl Nails no aceptar\u00e1 responsabilidad por vales de regalo perdidos, robados o da\u00f1ados.<\/p>\n<p class=\"p1\">Los vales de regalo no se pueden canjear por dinero en efectivo u otros vales. No se dar\u00e1 cambio.<\/p>\n<p class=\"p1\">Propiedad perdida<\/p>\n<p class=\"p1\">Pedimos a los clientes que cuiden su propiedad mientras est\u00e9n en Mich &amp; Myl Nails, ya que no podemos responsabilizarnos de los art\u00edculos que quedan desatendidos.<\/p>\n<p class=\"p1\">Servicio de postratamiento de u\u00f1as<\/p>\n<p class=\"p1\">En caso de que se rompan las u\u00f1as dentro de los tres d\u00edas posteriores al lacado (cuatro d\u00edas para el esmalte en gel), inf\u00f3rmenos con una foto a info@michmylnails.net y le ofreceremos un retoque gratuito en las u\u00f1as afectadas dentro de los siete d\u00edas. Fuera de este per\u00edodo pueden aplicarse cargos, consulte la lista de precios.<\/p>\n<p class=\"p1\">Privacidad<\/p>\n<p class=\"p1\">Tenga la seguridad de que su privacidad es importante para nosotros y estamos comprometidos a mantener la privacidad de cualquier informaci\u00f3n personal que recopilemos de usted. No compartimos su informaci\u00f3n personal con ninguna organizaci\u00f3n de terceros y cumplimos con los principios de la legislaci\u00f3n de protecci\u00f3n de datos de Filipinas.<\/p>\n<p class=\"p1\">Promociones<\/p>\n<p class=\"p1\">Varias ofertas promocionales se ejecutan durante todo el a\u00f1o, pueden aplicarse restricciones de fecha y hora. Las ofertas no se pueden utilizar conjuntamente.<\/p>\n<p class=\"p1\">Mich &amp; Myl Nails se reserva el derecho de cancelar cualquier promoci\u00f3n vigente en cualquier momento.<\/p>\n<p class=\"p1\">Aumento de precio<\/p>\n<p class=\"p1\">Mich &amp; Myl Nails se reserva el derecho de aumento de precio sin previo aviso<\/p>\n<p class=\"p1\">El derecho a rechazar tratamientos<\/p>\n<p class=\"p1\">Tenga en cuenta que nos reservamos el derecho de rechazar tratamientos; la falta de respeto y la mala educaci\u00f3n hacia el personal de Mich &amp; Myl Nails estar\u00e1n prohibidas y no ser\u00e1n toleradas.<\/p>\n<p class=\"p1\">Mich &amp; Myl Nails se reserva el derecho de modificar los T\u00e9rminos y Condiciones cuando lo considere necesario. Se dar\u00e1 un aviso razonable para esto.<\/p>\n<p class=\"p1\">\u00daltima actualizaci\u00f3n: 1 de febrero de 2021<\/p>\n","protected":false},"excerpt":{"rendered":"<p>Hora de llegada Para tener la mejor experiencia, invitamos a los clientes a llegar 10 minutos antes de las reservas para garantizar que haya suficiente tiempo para completar los formularios necesarios y elegir entre la amplia gama de colores disponibles. Como cortes\u00eda a todos nuestros clientes, se cumple con un horario de citas r\u00e1pido, es &hellip; <a href=\"https:\/\/michmylnails.jp\/es\/terminos-y-condiciones\/\">Continued<\/a><\/p>\n","protected":false},"author":1,"featured_media":0,"parent":0,"menu_order":0,"comment_status":"closed","ping_status":"closed","template":"views\/template-withsidebar.blade.php","meta":{"_acf_changed":false,"_monsterinsights_skip_tracking":false,"_monsterinsights_sitenote_active":false,"_monsterinsights_sitenote_note":"","_monsterinsights_sitenote_category":0,"footnotes":""},"class_list":["post-818","page","type-page","status-publish","hentry"],"acf":[],"aioseo_notices":[],"_links":{"self":[{"href":"https:\/\/michmylnails.jp\/es\/wp-json\/wp\/v2\/pages\/818","targetHints":{"allow":["GET"]}}],"collection":[{"href":"https:\/\/michmylnails.jp\/es\/wp-json\/wp\/v2\/pages"}],"about":[{"href":"https:\/\/michmylnails.jp\/es\/wp-json\/wp\/v2\/types\/page"}],"author":[{"embeddable":true,"href":"https:\/\/michmylnails.jp\/es\/wp-json\/wp\/v2\/users\/1"}],"replies":[{"embeddable":true,"href":"https:\/\/michmylnails.jp\/es\/wp-json\/wp\/v2\/comments?post=818"}],"version-history":[{"count":0,"href":"https:\/\/michmylnails.jp\/es\/wp-json\/wp\/v2\/pages\/818\/revisions"}],"wp:attachment":[{"href":"https:\/\/michmylnails.jp\/es\/wp-json\/wp\/v2\/media?parent=818"}],"curies":[{"name":"wp","href":"https:\/\/api.w.org\/{rel}","templated":true}]}}